{"id":69,"date":"2023-04-03T18:01:12","date_gmt":"2023-04-03T16:01:12","guid":{"rendered":"https:\/\/leparcourseclaire.com\/?page_id=69"},"modified":"2023-04-03T22:16:12","modified_gmt":"2023-04-03T20:16:12","slug":"les-consultations","status":"publish","type":"page","link":"https:\/\/leparcourseclaire.com\/?page_id=69","title":{"rendered":"Les consultations"},"content":{"rendered":"\n<p><strong>Guidance par t\u00e9l\u00e9phone, je r\u00e9ponds \u00e0 toutes vos questions au moyen de tirages de cartes (tarot).<\/strong><\/p>\n\n\n\n<p><strong>Si vous souhaitez une visio, c&#8217;est possible via Teams, merci de me l&#8217;indiquer afin que je vous envoie le lien de connexion.<\/strong><\/p>\n\n\n\n<p><strong>Suivez-moi sur <a href=\"https:\/\/www.youtube.com\/@leparcourseclaire\" target=\"_blank\" rel=\"noopener\" title=\"\"><em>Youtube<\/em> <\/a>et <a href=\"https:\/\/www.instagram.com\/le_parcours_eclaire\/\" target=\"_blank\" rel=\"noopener\" title=\"\"><em>Instagram<\/em> <\/a>!<\/strong><\/p>\n\n\n\n<p><strong>Contact <\/strong>: <em>consultation@leparcourseclaire.com<\/em><\/p>\n\n\n\n<p><a href=\"https:\/\/rdvleparcourseclaire.simplybook.it\" target=\"_blank\" rel=\"noopener\" title=\"\"><strong><em><mark style=\"background-color:rgba(0, 0, 0, 0)\" class=\"has-inline-color has-luminous-vivid-amber-color\">Prise de rendez-vous<\/mark><\/em><\/strong><\/a><\/p>\n","protected":false},"excerpt":{"rendered":"<p>Guidance par t\u00e9l\u00e9phone, je r\u00e9ponds \u00e0 toutes vos questions au moyen de tirages de cartes (tarot). Si vous souhaitez une visio, c&#8217;est possible via Teams, merci de me l&#8217;indiquer afin que je vous envoie le lien de connexion. Suivez-moi sur Youtube et Instagram ! Contact : consultation@leparcourseclaire.com Prise de rendez-vous<\/p>\n","protected":false},"author":1,"featured_media":0,"parent":0,"menu_order":0,"comment_status":"closed","ping_status":"closed","template":"","meta":[],"aioseo_notices":[],"_links":{"self":[{"href":"https:\/\/leparcourseclaire.com\/index.php?rest_route=\/wp\/v2\/pages\/69"}],"collection":[{"href":"https:\/\/leparcourseclaire.com\/index.php?rest_route=\/wp\/v2\/pages"}],"about":[{"href":"https:\/\/leparcourseclaire.com\/index.php?rest_route=\/wp\/v2\/types\/page"}],"author":[{"embeddable":true,"href":"https:\/\/leparcourseclaire.com\/index.php?rest_route=\/wp\/v2\/users\/1"}],"replies":[{"embeddable":true,"href":"https:\/\/leparcourseclaire.com\/index.php?rest_route=%2Fwp%2Fv2%2Fcomments&post=69"}],"version-history":[{"count":2,"href":"https:\/\/leparcourseclaire.com\/index.php?rest_route=\/wp\/v2\/pages\/69\/revisions"}],"predecessor-version":[{"id":81,"href":"https:\/\/leparcourseclaire.com\/index.php?rest_route=\/wp\/v2\/pages\/69\/revisions\/81"}],"wp:attachment":[{"href":"https:\/\/leparcourseclaire.com\/index.php?rest_route=%2Fwp%2Fv2%2Fmedia&parent=69"}],"curies":[{"name":"wp","href":"https:\/\/api.w.org\/{rel}","templated":true}]}}